{"id":712,"date":"2024-09-27T05:41:45","date_gmt":"2024-09-27T05:41:45","guid":{"rendered":"https:\/\/intersold.fr\/?page_id=712"},"modified":"2025-12-10T12:19:44","modified_gmt":"2025-12-10T12:19:44","slug":"intersod-3-2-4","status":"publish","type":"page","link":"https:\/\/expert-renovation-concept.fr\/?page_id=712","title":{"rendered":"Mentions l\u00e9gales"},"content":{"rendered":"\t\t<div data-elementor-type=\"wp-page\" data-elementor-id=\"712\" class=\"elementor elementor-712\">\n\t\t\t\t<div class=\"elementor-element elementor-element-e2f71cc e-con-full e-flex e-con e-parent\" data-id=\"e2f71cc\" data-element_type=\"container\">\n\t\t<div class=\"elementor-element elementor-element-192d36f e-con-full e-flex e-con e-child\" data-id=\"192d36f\" data-element_type=\"container\">\n\t\t\t\t<div class=\"elementor-element elementor-element-f8f5da0 elementor-widget elementor-widget-heading\" data-id=\"f8f5da0\" data-element_type=\"widget\" data-widget_type=\"heading.default\">\n\t\t\t\t<div class=\"elementor-widget-container\">\n\t\t\t<h2 class=\"elementor-heading-title elementor-size-default\">Mentions l\u00e9gales<\/h2>\t\t<\/div>\n\t\t\t\t<\/div>\n\t\t\t\t<\/div>\n\t\t\t\t<\/div>\n\t\t<div class=\"elementor-element elementor-element-7e5e45d e-flex e-con-boxed e-con e-parent\" data-id=\"7e5e45d\" data-element_type=\"container\">\n\t\t\t\t\t<div class=\"e-con-inner\">\n\t\t\t\t<div class=\"elementor-element elementor-element-298ac38 elementor-widget elementor-widget-text-editor\" data-id=\"298ac38\" data-element_type=\"widget\" data-widget_type=\"text-editor.default\">\n\t\t\t\t<div class=\"elementor-widget-container\">\n\t\t\t\t\t\t\t<h2 data-start=\"359\" data-end=\"384\"><strong data-start=\"362\" data-end=\"384\">1. \u00c9DITEUR DU SITE<\/strong><\/h2><p data-start=\"386\" data-end=\"426\">Le pr\u00e9sent site Internet est \u00e9dit\u00e9 par :<\/p><p data-start=\"428\" data-end=\"872\"><strong data-start=\"428\" data-end=\"457\">EXPERT RENOVATION CONCEPT<\/strong><br data-start=\"457\" data-end=\"460\" \/>Soci\u00e9t\u00e9 par actions simplifi\u00e9e (SAS \u2013 Soci\u00e9t\u00e9 \u00e0 associ\u00e9 unique)<br data-start=\"523\" data-end=\"526\" \/>Au capital de <strong data-start=\"540\" data-end=\"555\">1 500 euros<\/strong><br data-start=\"555\" data-end=\"558\" \/>RCS <strong data-start=\"562\" data-end=\"577\">912 374 527<\/strong> \u2013 R.C.S. Cr\u00e9teil<br data-start=\"594\" data-end=\"597\" \/>Date d&#8217;immatriculation : <strong data-start=\"622\" data-end=\"636\">11\/04\/2022<\/strong><br data-start=\"636\" data-end=\"639\" \/>Transfert RCS Bobigny : <strong data-start=\"663\" data-end=\"677\">01\/06\/2024<\/strong><br data-start=\"677\" data-end=\"680\" \/>Si\u00e8ge social : <strong data-start=\"695\" data-end=\"756\">112 Avenue de Paris \u2013 Cs60002 \u2013 Cx94306 \u2013 94300 Vincennes<\/strong><br data-start=\"756\" data-end=\"759\" \/>Num\u00e9ro SIRET : <strong data-start=\"774\" data-end=\"795\">912 374 527 000??<\/strong> (compl\u00e9ter si besoin)<br data-start=\"817\" data-end=\"820\" \/>Num\u00e9ro TVA intracommunautaire : <strong data-start=\"852\" data-end=\"872\">FR9401.912374527<\/strong><\/p><p data-start=\"874\" data-end=\"1026\"><strong data-start=\"874\" data-end=\"899\">Activit\u00e9 principale :<\/strong><br data-start=\"899\" data-end=\"902\" \/>B\u00e2timent \u2013 Tous corps d\u2019\u00e9tat<br data-start=\"930\" data-end=\"933\" \/>Secteur des m\u00e9tiers et de l\u2019artisanat (sous r\u00e9serve de validation par la chambre des m\u00e9tiers)<\/p><p data-start=\"1028\" data-end=\"1158\"><strong data-start=\"1028\" data-end=\"1061\">Directeur de la publication :<\/strong><br data-start=\"1061\" data-end=\"1064\" \/>M. <strong data-start=\"1067\" data-end=\"1091\">David Samuel NAKACHE<\/strong>, n\u00e9 le 16\/06\/1991<br data-start=\"1109\" data-end=\"1112\" \/>Adresse : 57 Rue Clisson, 75013 Paris (France)<\/p><hr data-start=\"1160\" data-end=\"1163\" \/><h2 data-start=\"1165\" data-end=\"1192\"><strong data-start=\"1168\" data-end=\"1192\">2. H\u00c9BERGEUR DU SITE<\/strong><\/h2><p data-start=\"1194\" data-end=\"1219\">Le site est h\u00e9berg\u00e9 par :<\/p><p data-start=\"1221\" data-end=\"1328\"><strong data-start=\"1221\" data-end=\"1232\">OVH SAS<\/strong><br data-start=\"1232\" data-end=\"1235\" \/>2 rue Kellermann<br data-start=\"1251\" data-end=\"1254\" \/>59100 Roubaix \u2013 France<br data-start=\"1276\" data-end=\"1279\" \/>T\u00e9l\u00e9phone : 1007<br data-start=\"1295\" data-end=\"1298\" \/>Site web : <a class=\"decorated-link\" href=\"https:\/\/www.ovh.com\" target=\"_new\" rel=\"noopener\" data-start=\"1309\" data-end=\"1328\">https:\/\/www.ovh.com<\/a><\/p><hr data-start=\"1330\" data-end=\"1333\" \/><h2 data-start=\"1335\" data-end=\"1369\"><strong data-start=\"1338\" data-end=\"1369\">3. PROPRI\u00c9T\u00c9 INTELLECTUELLE<\/strong><\/h2><p data-start=\"1371\" data-end=\"1559\">L&#8217;ensemble du contenu du site (textes, images, graphismes, logos, vid\u00e9os, ic\u00f4nes, structure du site\u2026) est la propri\u00e9t\u00e9 exclusive de <strong data-start=\"1503\" data-end=\"1532\">EXPERT RENOVATION CONCEPT<\/strong>, sauf mentions contraires.<\/p><p data-start=\"1561\" data-end=\"1705\">Toute reproduction, distribution, modification ou adaptation, totale ou partielle, est strictement interdite sans autorisation \u00e9crite pr\u00e9alable.<\/p><hr data-start=\"1707\" data-end=\"1710\" \/><h2 data-start=\"1712\" data-end=\"1749\"><strong data-start=\"1715\" data-end=\"1749\">4. DONN\u00c9ES PERSONNELLES (RGPD)<\/strong><\/h2><p data-start=\"1751\" data-end=\"1856\">Le site peut recueillir des donn\u00e9es personnelles via diff\u00e9rents formulaires (contact, demande de devis\u2026).<\/p><p data-start=\"1858\" data-end=\"1917\"><strong data-start=\"1858\" data-end=\"1889\">Responsable du traitement :<\/strong><br data-start=\"1889\" data-end=\"1892\" \/>EXPERT RENOVATION CONCEPT<\/p><p data-start=\"1919\" data-end=\"1976\">Les donn\u00e9es collect\u00e9es sont utilis\u00e9es uniquement pour :<\/p><ul data-start=\"1977\" data-end=\"2081\"><li data-start=\"1977\" data-end=\"2014\"><p data-start=\"1979\" data-end=\"2014\">r\u00e9pondre aux demandes de contact,<\/p><\/li><li data-start=\"2015\" data-end=\"2037\"><p data-start=\"2017\" data-end=\"2037\">\u00e9tablir des devis,<\/p><\/li><li data-start=\"2038\" data-end=\"2081\"><p data-start=\"2040\" data-end=\"2081\">g\u00e9rer la relation commerciale \u00e9ventuelle.<\/p><\/li><\/ul><p data-start=\"2083\" data-end=\"2140\"><strong data-start=\"2083\" data-end=\"2140\">Aucune donn\u00e9e n\u2019est vendue ou transf\u00e9r\u00e9e \u00e0 des tiers.<\/strong><\/p><p data-start=\"2142\" data-end=\"2251\">Conform\u00e9ment au R\u00e8glement G\u00e9n\u00e9ral sur la Protection des Donn\u00e9es (RGPD), vous disposez des droits suivants :<\/p><ul data-start=\"2252\" data-end=\"2393\"><li data-start=\"2252\" data-end=\"2305\"><p data-start=\"2254\" data-end=\"2305\">Droit d\u2019acc\u00e8s, de rectification et de suppression<\/p><\/li><li data-start=\"2306\" data-end=\"2328\"><p data-start=\"2308\" data-end=\"2328\">Droit d\u2019opposition<\/p><\/li><li data-start=\"2329\" data-end=\"2355\"><p data-start=\"2331\" data-end=\"2355\">Droit \u00e0 la portabilit\u00e9<\/p><\/li><li data-start=\"2356\" data-end=\"2393\"><p data-start=\"2358\" data-end=\"2393\">Droit \u00e0 la limitation du traitement<\/p><\/li><\/ul><p data-start=\"2395\" data-end=\"2517\">Pour toute demande, contactez-nous \u00e0 :<br data-start=\"2433\" data-end=\"2436\" \/>\ud83d\udce7 Email : <em data-start=\"2447\" data-end=\"2467\">(mettre ton email)<\/em><br data-start=\"2467\" data-end=\"2470\" \/>\ud83d\udcee Adresse postale : Si\u00e8ge social de la soci\u00e9t\u00e9<\/p><hr data-start=\"2519\" data-end=\"2522\" \/><h2 data-start=\"2524\" data-end=\"2541\"><strong data-start=\"2527\" data-end=\"2541\">5. COOKIES<\/strong><\/h2><p data-start=\"2543\" data-end=\"2617\">Le site peut utiliser des cookies techniques et analytiques permettant :<\/p><ul data-start=\"2618\" data-end=\"2724\"><li data-start=\"2618\" data-end=\"2652\"><p data-start=\"2620\" data-end=\"2652\">le bon fonctionnement du site,<\/p><\/li><li data-start=\"2653\" data-end=\"2700\"><p data-start=\"2655\" data-end=\"2700\">l\u2019am\u00e9lioration de l\u2019exp\u00e9rience utilisateur,<\/p><\/li><li data-start=\"2701\" data-end=\"2724\"><p data-start=\"2703\" data-end=\"2724\">la mesure d\u2019audience.<\/p><\/li><\/ul><p data-start=\"2726\" data-end=\"2831\">Lors de votre premi\u00e8re visite, vous pouvez accepter ou refuser l\u2019installation des cookies non essentiels.<\/p><hr data-start=\"2833\" data-end=\"2836\" \/><h2 data-start=\"2838\" data-end=\"2876\"><strong data-start=\"2841\" data-end=\"2876\">6. LIMITATION DE RESPONSABILIT\u00c9<\/strong><\/h2><p data-start=\"2878\" data-end=\"3040\">EXPERT RENOVATION CONCEPT met tout en \u0153uvre pour fournir des informations exactes et mises \u00e0 jour.<br data-start=\"2976\" data-end=\"2979\" \/>Cependant, l\u2019entreprise ne saurait \u00eatre tenue responsable :<\/p><ul data-start=\"3041\" data-end=\"3167\"><li data-start=\"3041\" data-end=\"3068\"><p data-start=\"3043\" data-end=\"3068\">d\u2019erreurs ou omissions,<\/p><\/li><li data-start=\"3069\" data-end=\"3100\"><p data-start=\"3071\" data-end=\"3100\">d\u2019une interruption du site,<\/p><\/li><li data-start=\"3101\" data-end=\"3167\"><p data-start=\"3103\" data-end=\"3167\">de dysfonctionnements internes ou externes caus\u00e9s par des tiers.<\/p><\/li><\/ul><p data-start=\"3169\" data-end=\"3231\">Les photos et illustrations n&#8217;ont pas de valeur contractuelle.<\/p><hr data-start=\"3233\" data-end=\"3236\" \/><h2 data-start=\"3238\" data-end=\"3262\"><strong data-start=\"3241\" data-end=\"3262\">7. LOI APPLICABLE<\/strong><\/h2><p data-start=\"3264\" data-end=\"3439\">Les pr\u00e9sentes mentions l\u00e9gales sont r\u00e9gies par la loi fran\u00e7aise.<br data-start=\"3328\" data-end=\"3331\" \/>Tout litige concernant l&#8217;utilisation du site sera soumis aux tribunaux comp\u00e9tents du ressort de <strong data-start=\"3427\" data-end=\"3438\">Cr\u00e9teil<\/strong>.<\/p>\t\t\t\t\t\t<\/div>\n\t\t\t\t<\/div>\n\t\t\t\t\t<\/div>\n\t\t\t\t<\/div>\n\t\t\t\t<\/div>\n\t\t","protected":false},"excerpt":{"rendered":"<p>Mentions l\u00e9gales<\/p>\n","protected":false},"author":1,"featured_media":0,"parent":0,"menu_order":0,"comment_status":"closed","ping_status":"closed","template":"","meta":{"footnotes":""},"class_list":["post-712","page","type-page","status-publish","hentry"],"yoast_head":"<!-- This site is optimized with the Yoast SEO plugin v23.5 - https:\/\/yoast.com\/wordpress\/plugins\/seo\/ -->\n<title>Mentions l\u00e9gales - Expert r\u00e9novation Concept<\/title>\n<meta name=\"robots\" content=\"noindex, follow, max-snippet:-1, max-image-preview:large, max-video-preview:-1\" \/>\n<meta property=\"og:locale\" content=\"en_US\" \/>\n<meta property=\"og:type\" content=\"article\" \/>\n<meta property=\"og:title\" content=\"Mentions l\u00e9gales - Expert r\u00e9novation Concept\" \/>\n<meta property=\"og:description\" content=\"Mentions l\u00e9gales\" \/>\n<meta property=\"og:url\" content=\"https:\/\/expert-renovation-concept.fr\/?page_id=712\" \/>\n<meta property=\"og:site_name\" content=\"Expert r\u00e9novation Concept\" \/>\n<meta property=\"article:modified_time\" content=\"2025-12-10T12:19:44+00:00\" \/>\n<meta name=\"twitter:card\" content=\"summary_large_image\" \/>\n<meta name=\"twitter:label1\" content=\"Est. reading time\" \/>\n\t<meta name=\"twitter:data1\" content=\"3 minutes\" \/>\n<script type=\"application\/ld+json\" class=\"yoast-schema-graph\">{\"@context\":\"https:\/\/schema.org\",\"@graph\":[{\"@type\":\"WebPage\",\"@id\":\"https:\/\/expert-renovation-concept.fr\/?page_id=712\",\"url\":\"https:\/\/expert-renovation-concept.fr\/?page_id=712\",\"name\":\"Mentions l\u00e9gales - Expert r\u00e9novation Concept\",\"isPartOf\":{\"@id\":\"https:\/\/expert-renovation-concept.fr\/#website\"},\"datePublished\":\"2024-09-27T05:41:45+00:00\",\"dateModified\":\"2025-12-10T12:19:44+00:00\",\"breadcrumb\":{\"@id\":\"https:\/\/expert-renovation-concept.fr\/?page_id=712#breadcrumb\"},\"inLanguage\":\"en-US\",\"potentialAction\":[{\"@type\":\"ReadAction\",\"target\":[\"https:\/\/expert-renovation-concept.fr\/?page_id=712\"]}]},{\"@type\":\"BreadcrumbList\",\"@id\":\"https:\/\/expert-renovation-concept.fr\/?page_id=712#breadcrumb\",\"itemListElement\":[{\"@type\":\"ListItem\",\"position\":1,\"name\":\"Home\",\"item\":\"https:\/\/expert-renovation-concept.fr\/\"},{\"@type\":\"ListItem\",\"position\":2,\"name\":\"Mentions l\u00e9gales\"}]},{\"@type\":\"WebSite\",\"@id\":\"https:\/\/expert-renovation-concept.fr\/#website\",\"url\":\"https:\/\/expert-renovation-concept.fr\/\",\"name\":\"Expert r\u00e9novation Concept\",\"description\":\"R\u00e9novation\",\"publisher\":{\"@id\":\"https:\/\/expert-renovation-concept.fr\/#organization\"},\"potentialAction\":[{\"@type\":\"SearchAction\",\"target\":{\"@type\":\"EntryPoint\",\"urlTemplate\":\"https:\/\/expert-renovation-concept.fr\/?s={search_term_string}\"},\"query-input\":{\"@type\":\"PropertyValueSpecification\",\"valueRequired\":true,\"valueName\":\"search_term_string\"}}],\"inLanguage\":\"en-US\"},{\"@type\":\"Organization\",\"@id\":\"https:\/\/expert-renovation-concept.fr\/#organization\",\"name\":\"Expert r\u00e9novation Concept\",\"url\":\"https:\/\/expert-renovation-concept.fr\/\",\"logo\":{\"@type\":\"ImageObject\",\"inLanguage\":\"en-US\",\"@id\":\"https:\/\/expert-renovation-concept.fr\/#\/schema\/logo\/image\/\",\"url\":\"https:\/\/expert-renovation-concept.fr\/wp-content\/uploads\/2024\/09\/cropped-expert_renovation_concept.jpg\",\"contentUrl\":\"https:\/\/expert-renovation-concept.fr\/wp-content\/uploads\/2024\/09\/cropped-expert_renovation_concept.jpg\",\"width\":654,\"height\":321,\"caption\":\"Expert r\u00e9novation Concept\"},\"image\":{\"@id\":\"https:\/\/expert-renovation-concept.fr\/#\/schema\/logo\/image\/\"}}]}<\/script>\n<!-- \/ Yoast SEO plugin. -->","yoast_head_json":{"title":"Mentions l\u00e9gales - Expert r\u00e9novation Concept","robots":{"index":"noindex","follow":"follow","max-snippet":"max-snippet:-1","max-image-preview":"max-image-preview:large","max-video-preview":"max-video-preview:-1"},"og_locale":"en_US","og_type":"article","og_title":"Mentions l\u00e9gales - Expert r\u00e9novation Concept","og_description":"Mentions l\u00e9gales","og_url":"https:\/\/expert-renovation-concept.fr\/?page_id=712","og_site_name":"Expert r\u00e9novation Concept","article_modified_time":"2025-12-10T12:19:44+00:00","twitter_card":"summary_large_image","twitter_misc":{"Est. reading time":"3 minutes"},"schema":{"@context":"https:\/\/schema.org","@graph":[{"@type":"WebPage","@id":"https:\/\/expert-renovation-concept.fr\/?page_id=712","url":"https:\/\/expert-renovation-concept.fr\/?page_id=712","name":"Mentions l\u00e9gales - Expert r\u00e9novation Concept","isPartOf":{"@id":"https:\/\/expert-renovation-concept.fr\/#website"},"datePublished":"2024-09-27T05:41:45+00:00","dateModified":"2025-12-10T12:19:44+00:00","breadcrumb":{"@id":"https:\/\/expert-renovation-concept.fr\/?page_id=712#breadcrumb"},"inLanguage":"en-US","potentialAction":[{"@type":"ReadAction","target":["https:\/\/expert-renovation-concept.fr\/?page_id=712"]}]},{"@type":"BreadcrumbList","@id":"https:\/\/expert-renovation-concept.fr\/?page_id=712#breadcrumb","itemListElement":[{"@type":"ListItem","position":1,"name":"Home","item":"https:\/\/expert-renovation-concept.fr\/"},{"@type":"ListItem","position":2,"name":"Mentions l\u00e9gales"}]},{"@type":"WebSite","@id":"https:\/\/expert-renovation-concept.fr\/#website","url":"https:\/\/expert-renovation-concept.fr\/","name":"Expert r\u00e9novation Concept","description":"R\u00e9novation","publisher":{"@id":"https:\/\/expert-renovation-concept.fr\/#organization"},"potentialAction":[{"@type":"SearchAction","target":{"@type":"EntryPoint","urlTemplate":"https:\/\/expert-renovation-concept.fr\/?s={search_term_string}"},"query-input":{"@type":"PropertyValueSpecification","valueRequired":true,"valueName":"search_term_string"}}],"inLanguage":"en-US"},{"@type":"Organization","@id":"https:\/\/expert-renovation-concept.fr\/#organization","name":"Expert r\u00e9novation Concept","url":"https:\/\/expert-renovation-concept.fr\/","logo":{"@type":"ImageObject","inLanguage":"en-US","@id":"https:\/\/expert-renovation-concept.fr\/#\/schema\/logo\/image\/","url":"https:\/\/expert-renovation-concept.fr\/wp-content\/uploads\/2024\/09\/cropped-expert_renovation_concept.jpg","contentUrl":"https:\/\/expert-renovation-concept.fr\/wp-content\/uploads\/2024\/09\/cropped-expert_renovation_concept.jpg","width":654,"height":321,"caption":"Expert r\u00e9novation Concept"},"image":{"@id":"https:\/\/expert-renovation-concept.fr\/#\/schema\/logo\/image\/"}}]}},"_links":{"self":[{"href":"https:\/\/expert-renovation-concept.fr\/index.php?rest_route=\/wp\/v2\/pages\/712"}],"collection":[{"href":"https:\/\/expert-renovation-concept.fr\/index.php?rest_route=\/wp\/v2\/pages"}],"about":[{"href":"https:\/\/expert-renovation-concept.fr\/index.php?rest_route=\/wp\/v2\/types\/page"}],"author":[{"embeddable":true,"href":"https:\/\/expert-renovation-concept.fr\/index.php?rest_route=\/wp\/v2\/users\/1"}],"replies":[{"embeddable":true,"href":"https:\/\/expert-renovation-concept.fr\/index.php?rest_route=%2Fwp%2Fv2%2Fcomments&post=712"}],"version-history":[{"count":15,"href":"https:\/\/expert-renovation-concept.fr\/index.php?rest_route=\/wp\/v2\/pages\/712\/revisions"}],"predecessor-version":[{"id":1027,"href":"https:\/\/expert-renovation-concept.fr\/index.php?rest_route=\/wp\/v2\/pages\/712\/revisions\/1027"}],"wp:attachment":[{"href":"https:\/\/expert-renovation-concept.fr\/index.php?rest_route=%2Fwp%2Fv2%2Fmedia&parent=712"}],"curies":[{"name":"wp","href":"https:\/\/api.w.org\/{rel}","templated":true}]}}