{"id":556,"date":"2024-09-24T08:54:15","date_gmt":"2024-09-24T08:54:15","guid":{"rendered":"https:\/\/intersold.fr\/?page_id=556"},"modified":"2024-11-17T18:47:30","modified_gmt":"2024-11-17T18:47:30","slug":"intersod-3-2-2","status":"publish","type":"page","link":"https:\/\/expert-renovation-concept.fr\/?page_id=556","title":{"rendered":"R\u00e9novation de bureaux"},"content":{"rendered":"\t\t<div data-elementor-type=\"wp-page\" data-elementor-id=\"556\" class=\"elementor elementor-556\">\n\t\t\t\t<div class=\"elementor-element elementor-element-87c506c e-con-full e-flex e-con e-parent\" data-id=\"87c506c\" data-element_type=\"container\" data-settings=\"{&quot;background_background&quot;:&quot;classic&quot;}\">\n\t\t<div class=\"elementor-element elementor-element-4aa7ed5 e-con-full e-flex e-con e-child\" data-id=\"4aa7ed5\" data-element_type=\"container\">\n\t\t\t\t<div class=\"elementor-element elementor-element-8efe748 elementor-widget elementor-widget-heading\" data-id=\"8efe748\" data-element_type=\"widget\" data-widget_type=\"heading.default\">\n\t\t\t\t<div class=\"elementor-widget-container\">\n\t\t\t<h1 class=\"elementor-heading-title elementor-size-default\">R\u00e9novation de bureaux<\/h1>\t\t<\/div>\n\t\t\t\t<\/div>\n\t\t\t\t<div class=\"elementor-element elementor-element-ccb4861 elementor-widget elementor-widget-text-editor\" data-id=\"ccb4861\" data-element_type=\"widget\" data-widget_type=\"text-editor.default\">\n\t\t\t\t<div class=\"elementor-widget-container\">\n\t\t\t\t\t\t\tOptimisez vos espaces de travail avec notre expertise en r\u00e9novation de bureaux : modernisation, agencement sur mesure, et solutions adapt\u00e9es \u00e0 vos besoins professionnels\t\t\t\t\t\t<\/div>\n\t\t\t\t<\/div>\n\t\t\t\t<\/div>\n\t\t\t\t<\/div>\n\t\t<div class=\"elementor-element elementor-element-fe8df8f e-flex e-con-boxed e-con e-parent\" data-id=\"fe8df8f\" data-element_type=\"container\">\n\t\t\t\t\t<div class=\"e-con-inner\">\n\t\t<div class=\"elementor-element elementor-element-cd4fe8f e-con-full e-flex e-con e-child\" data-id=\"cd4fe8f\" data-element_type=\"container\">\n\t\t\t\t<div class=\"elementor-element elementor-element-0ef8567 elementor-widget elementor-widget-image\" data-id=\"0ef8567\" data-element_type=\"widget\" data-widget_type=\"image.default\">\n\t\t\t\t<div class=\"elementor-widget-container\">\n\t\t\t\t\t\t\t\t\t\t\t\t\t<img decoding=\"async\" src=\"https:\/\/expert-renovation-concept.fr\/wp-content\/uploads\/elementor\/thumbs\/lieu-de-travail-rdkqurc89vh0se69yah6tehwwtuf5bjj4to29vd3q8.png\" title=\"lieu-de-travail\" alt=\"lieu-de-travail\" loading=\"lazy\" \/>\t\t\t\t\t\t\t\t\t\t\t\t\t<\/div>\n\t\t\t\t<\/div>\n\t\t\t\t<div class=\"elementor-element elementor-element-99e538b elementor-widget elementor-widget-heading\" data-id=\"99e538b\" data-element_type=\"widget\" data-widget_type=\"heading.default\">\n\t\t\t\t<div class=\"elementor-widget-container\">\n\t\t\t<h2 class=\"elementor-heading-title elementor-size-default\">R\u00e9am\u00e9nagement des Espaces de Travail<\/h2>\t\t<\/div>\n\t\t\t\t<\/div>\n\t\t\t\t<\/div>\n\t\t<div class=\"elementor-element elementor-element-4dd523b e-con-full e-flex e-con e-child\" data-id=\"4dd523b\" data-element_type=\"container\">\n\t\t\t\t<div class=\"elementor-element elementor-element-bf1ab6d elementor-widget elementor-widget-image\" data-id=\"bf1ab6d\" data-element_type=\"widget\" data-widget_type=\"image.default\">\n\t\t\t\t<div class=\"elementor-widget-container\">\n\t\t\t\t\t\t\t\t\t\t\t\t\t<img decoding=\"async\" src=\"https:\/\/expert-renovation-concept.fr\/wp-content\/uploads\/elementor\/thumbs\/la-norme-rdkqurc89vh0se69yah6tehwwtuf5bjj4to29vd3q8.png\" title=\"la-norme\" alt=\"la-norme\" loading=\"lazy\" \/>\t\t\t\t\t\t\t\t\t\t\t\t\t<\/div>\n\t\t\t\t<\/div>\n\t\t\t\t<div class=\"elementor-element elementor-element-7334f10 elementor-widget elementor-widget-heading\" data-id=\"7334f10\" data-element_type=\"widget\" data-widget_type=\"heading.default\">\n\t\t\t\t<div class=\"elementor-widget-container\">\n\t\t\t<h2 class=\"elementor-heading-title elementor-size-default\">Mise aux Normes Techniques et S\u00e9curit\u00e9<\/h2>\t\t<\/div>\n\t\t\t\t<\/div>\n\t\t\t\t<\/div>\n\t\t<div class=\"elementor-element elementor-element-86f5d29 e-con-full e-flex e-con e-child\" data-id=\"86f5d29\" data-element_type=\"container\">\n\t\t\t\t<div class=\"elementor-element elementor-element-acd718b elementor-widget elementor-widget-image\" data-id=\"acd718b\" data-element_type=\"widget\" data-widget_type=\"image.default\">\n\t\t\t\t<div class=\"elementor-widget-container\">\n\t\t\t\t\t\t\t\t\t\t\t\t\t<img decoding=\"async\" src=\"https:\/\/expert-renovation-concept.fr\/wp-content\/uploads\/elementor\/thumbs\/domotique-rdkqu5pxwonfdd1ogj4rq1yb8ysz8a5pdunw8i95pc.png\" title=\"domotique\" alt=\"domotique\" loading=\"lazy\" \/>\t\t\t\t\t\t\t\t\t\t\t\t\t<\/div>\n\t\t\t\t<\/div>\n\t\t\t\t<div class=\"elementor-element elementor-element-c09f89d elementor-widget elementor-widget-heading\" data-id=\"c09f89d\" data-element_type=\"widget\" data-widget_type=\"heading.default\">\n\t\t\t\t<div class=\"elementor-widget-container\">\n\t\t\t<h2 class=\"elementor-heading-title elementor-size-default\">Design et D\u00e9coration Int\u00e9rieure<\/h2>\t\t<\/div>\n\t\t\t\t<\/div>\n\t\t\t\t<\/div>\n\t\t<div class=\"elementor-element elementor-element-ba231da e-con-full e-flex e-con e-child\" data-id=\"ba231da\" data-element_type=\"container\">\n\t\t\t\t<div class=\"elementor-element elementor-element-015d24f elementor-widget elementor-widget-image\" data-id=\"015d24f\" data-element_type=\"widget\" data-widget_type=\"image.default\">\n\t\t\t\t<div class=\"elementor-widget-container\">\n\t\t\t\t\t\t\t\t\t\t\t\t\t<img decoding=\"async\" src=\"https:\/\/expert-renovation-concept.fr\/wp-content\/uploads\/elementor\/thumbs\/interieur-rdkquqee31fqgs7n3s2k8wqgbfz1xmfssp0kslehwg.png\" title=\"interieur\" alt=\"interieur\" loading=\"lazy\" \/>\t\t\t\t\t\t\t\t\t\t\t\t\t<\/div>\n\t\t\t\t<\/div>\n\t\t\t\t<div class=\"elementor-element elementor-element-98b38e4 elementor-widget elementor-widget-heading\" data-id=\"98b38e4\" data-element_type=\"widget\" data-widget_type=\"heading.default\">\n\t\t\t\t<div class=\"elementor-widget-container\">\n\t\t\t<h2 class=\"elementor-heading-title elementor-size-default\">Travaux de Modernisation<\/h2>\t\t<\/div>\n\t\t\t\t<\/div>\n\t\t\t\t<\/div>\n\t\t\t\t\t<\/div>\n\t\t\t\t<\/div>\n\t\t<div class=\"elementor-element elementor-element-12edd0d e-con-full e-flex e-con e-parent\" data-id=\"12edd0d\" data-element_type=\"container\">\n\t\t<div class=\"elementor-element elementor-element-f91462a e-con-full e-flex e-con e-child\" data-id=\"f91462a\" data-element_type=\"container\">\n\t\t\t\t<div class=\"elementor-element elementor-element-ac12048 elementor-widget elementor-widget-heading\" data-id=\"ac12048\" data-element_type=\"widget\" data-widget_type=\"heading.default\">\n\t\t\t\t<div class=\"elementor-widget-container\">\n\t\t\t<h2 class=\"elementor-heading-title elementor-size-default\">R\u00e9novation de Bureaux : Offrez un Nouveau Souffle \u00e0 Votre Espace de Travail\n<\/h2>\t\t<\/div>\n\t\t\t\t<\/div>\n\t\t\t\t<div class=\"elementor-element elementor-element-a145c7e elementor-widget elementor-widget-text-editor\" data-id=\"a145c7e\" data-element_type=\"widget\" data-widget_type=\"text-editor.default\">\n\t\t\t\t<div class=\"elementor-widget-container\">\n\t\t\t\t\t\t\tLa r\u00e9novation de bureaux est bien plus qu\u2019un simple rafra\u00eechissement esth\u00e9tique. C\u2019est une d\u00e9marche strat\u00e9gique pour am\u00e9liorer le confort, la productivit\u00e9 et l\u2019image de votre entreprise. Que vous souhaitiez moderniser un espace vieillissant, optimiser l\u2019am\u00e9nagement ou cr\u00e9er un environnement refl\u00e9tant votre identit\u00e9 professionnelle, faire appel \u00e0 un expert en r\u00e9novation, comme Expert R\u00e9novation Concept, garantit un r\u00e9sultat \u00e0 la hauteur de vos attentes.\n\n\t\t\t\t\t\t<\/div>\n\t\t\t\t<\/div>\n\t\t\t\t<div class=\"elementor-element elementor-element-35568c7 elementor-widget elementor-widget-heading\" data-id=\"35568c7\" data-element_type=\"widget\" data-widget_type=\"heading.default\">\n\t\t\t\t<div class=\"elementor-widget-container\">\n\t\t\t<p class=\"elementor-heading-title elementor-size-default\">Offrez un nouveau souffle \u00e0 vos bureaux et transformez-les en un espace fonctionnel, esth\u00e9tique et motivant gr\u00e2ce \u00e0 une r\u00e9novation professionnelle sur-mesure.\n\n\n\n\n\n\n<\/p>\t\t<\/div>\n\t\t\t\t<\/div>\n\t\t\t\t<\/div>\n\t\t<div class=\"elementor-element elementor-element-fb2bf54 e-con-full e-flex e-con e-child\" data-id=\"fb2bf54\" data-element_type=\"container\">\n\t\t\t\t<div class=\"elementor-element elementor-element-02aec12 elementor-invisible elementor-widget elementor-widget-image\" data-id=\"02aec12\" data-element_type=\"widget\" data-settings=\"{&quot;_animation&quot;:&quot;fadeIn&quot;}\" data-widget_type=\"image.default\">\n\t\t\t\t<div class=\"elementor-widget-container\">\n\t\t\t\t\t\t\t\t\t\t\t\t\t<img fetchpriority=\"high\" decoding=\"async\" width=\"573\" height=\"573\" src=\"https:\/\/expert-renovation-concept.fr\/wp-content\/uploads\/2024\/11\/renovation-bureau.png\" class=\"attachment-full size-full wp-image-979\" alt=\"\" srcset=\"https:\/\/expert-renovation-concept.fr\/wp-content\/uploads\/2024\/11\/renovation-bureau.png 573w, https:\/\/expert-renovation-concept.fr\/wp-content\/uploads\/2024\/11\/renovation-bureau-300x300.png 300w, https:\/\/expert-renovation-concept.fr\/wp-content\/uploads\/2024\/11\/renovation-bureau-150x150.png 150w\" sizes=\"(max-width: 573px) 100vw, 573px\" \/>\t\t\t\t\t\t\t\t\t\t\t\t\t<\/div>\n\t\t\t\t<\/div>\n\t\t\t\t<\/div>\n\t\t\t\t<\/div>\n\t\t<div class=\"elementor-element elementor-element-e47f7a9 e-flex e-con-boxed e-con e-parent\" data-id=\"e47f7a9\" data-element_type=\"container\">\n\t\t\t\t\t<div class=\"e-con-inner\">\n\t\t<div class=\"elementor-element elementor-element-2c0dac8 e-con-full e-flex e-con e-child\" data-id=\"2c0dac8\" data-element_type=\"container\" data-settings=\"{&quot;background_background&quot;:&quot;classic&quot;}\">\n\t\t\t\t<div class=\"elementor-element elementor-element-d3ee523 elementor-position-left elementor-vertical-align-middle elementor-widget elementor-widget-image-box\" data-id=\"d3ee523\" data-element_type=\"widget\" data-widget_type=\"image-box.default\">\n\t\t\t\t<div class=\"elementor-widget-container\">\n\t\t\t<div class=\"elementor-image-box-wrapper\"><figure class=\"elementor-image-box-img\"><img decoding=\"async\" width=\"1000\" height=\"1000\" src=\"https:\/\/expert-renovation-concept.fr\/wp-content\/uploads\/2024\/11\/Expert-Renovation-Concept-6.png\" class=\"attachment-full size-full wp-image-871\" alt=\"\" srcset=\"https:\/\/expert-renovation-concept.fr\/wp-content\/uploads\/2024\/11\/Expert-Renovation-Concept-6.png 1000w, https:\/\/expert-renovation-concept.fr\/wp-content\/uploads\/2024\/11\/Expert-Renovation-Concept-6-300x300.png 300w, https:\/\/expert-renovation-concept.fr\/wp-content\/uploads\/2024\/11\/Expert-Renovation-Concept-6-150x150.png 150w, https:\/\/expert-renovation-concept.fr\/wp-content\/uploads\/2024\/11\/Expert-Renovation-Concept-6-768x768.png 768w\" sizes=\"(max-width: 1000px) 100vw, 1000px\" \/><\/figure><div class=\"elementor-image-box-content\"><h3 class=\"elementor-image-box-title\">R\u00e9novation Int\u00e9rieure<\/h3><p class=\"elementor-image-box-description\">Confiez vos projets de r\u00e9novation d\u2019int\u00e9rieur \u00e0 des experts. Am\u00e9nagement, peinture, plomberie, \u00e9lectricit\u00e9 : des solutions sur-mesure pour sublimer vos espaces<\/p><\/div><\/div>\t\t<\/div>\n\t\t\t\t<\/div>\n\t\t\t\t<\/div>\n\t\t<div class=\"elementor-element elementor-element-956472d e-con-full e-flex e-con e-child\" data-id=\"956472d\" data-element_type=\"container\" data-settings=\"{&quot;background_background&quot;:&quot;classic&quot;}\">\n\t\t\t\t<div class=\"elementor-element elementor-element-386b3ef elementor-position-left elementor-vertical-align-middle elementor-widget elementor-widget-image-box\" data-id=\"386b3ef\" data-element_type=\"widget\" data-widget_type=\"image-box.default\">\n\t\t\t\t<div class=\"elementor-widget-container\">\n\t\t\t<div class=\"elementor-image-box-wrapper\"><figure class=\"elementor-image-box-img\"><img decoding=\"async\" width=\"1000\" height=\"1000\" src=\"https:\/\/expert-renovation-concept.fr\/wp-content\/uploads\/2024\/11\/Expert-Renovation-Concept-5.png\" class=\"attachment-full size-full wp-image-872\" alt=\"\" srcset=\"https:\/\/expert-renovation-concept.fr\/wp-content\/uploads\/2024\/11\/Expert-Renovation-Concept-5.png 1000w, https:\/\/expert-renovation-concept.fr\/wp-content\/uploads\/2024\/11\/Expert-Renovation-Concept-5-300x300.png 300w, https:\/\/expert-renovation-concept.fr\/wp-content\/uploads\/2024\/11\/Expert-Renovation-Concept-5-150x150.png 150w, https:\/\/expert-renovation-concept.fr\/wp-content\/uploads\/2024\/11\/Expert-Renovation-Concept-5-768x768.png 768w\" sizes=\"(max-width: 1000px) 100vw, 1000px\" \/><\/figure><div class=\"elementor-image-box-content\"><h3 class=\"elementor-image-box-title\">R\u00e9novation Ext\u00e9rieure <\/h3><p class=\"elementor-image-box-description\">Transformez vos espaces ext\u00e9rieurs avec nos services de r\u00e9novation : fa\u00e7ades, terrasses, toitures. Expertise et qualit\u00e9 pour un r\u00e9sultat durable et esth\u00e9tique<\/p><\/div><\/div>\t\t<\/div>\n\t\t\t\t<\/div>\n\t\t\t\t<\/div>\n\t\t\t\t\t<\/div>\n\t\t\t\t<\/div>\n\t\t\t\t<\/div>\n\t\t","protected":false},"excerpt":{"rendered":"<p>R\u00e9novation de bureaux Optimisez vos espaces de travail avec notre expertise en r\u00e9novation de bureaux : modernisation, agencement sur mesure, et solutions adapt\u00e9es \u00e0 vos besoins professionnels R\u00e9am\u00e9nagement des Espaces de Travail Mise aux Normes Techniques et S\u00e9curit\u00e9 Design et D\u00e9coration Int\u00e9rieure Travaux de Modernisation R\u00e9novation de Bureaux : Offrez un Nouveau Souffle \u00e0 Votre [&hellip;]<\/p>\n","protected":false},"author":1,"featured_media":0,"parent":0,"menu_order":0,"comment_status":"closed","ping_status":"closed","template":"","meta":{"footnotes":""},"class_list":["post-556","page","type-page","status-publish","hentry"],"yoast_head":"<!-- This site is optimized with the Yoast SEO plugin v23.5 - https:\/\/yoast.com\/wordpress\/plugins\/seo\/ -->\n<title>R\u00e9novation de bureaux - Expert r\u00e9novation Concept<\/title>\n<meta name=\"robots\" content=\"noindex, follow, max-snippet:-1, max-image-preview:large, max-video-preview:-1\" \/>\n<meta property=\"og:locale\" content=\"en_US\" \/>\n<meta property=\"og:type\" content=\"article\" \/>\n<meta property=\"og:title\" content=\"R\u00e9novation de bureaux - Expert r\u00e9novation Concept\" \/>\n<meta property=\"og:description\" content=\"R\u00e9novation de bureaux Optimisez vos espaces de travail avec notre expertise en r\u00e9novation de bureaux : modernisation, agencement sur mesure, et solutions adapt\u00e9es \u00e0 vos besoins professionnels R\u00e9am\u00e9nagement des Espaces de Travail Mise aux Normes Techniques et S\u00e9curit\u00e9 Design et D\u00e9coration Int\u00e9rieure Travaux de Modernisation R\u00e9novation de Bureaux : Offrez un Nouveau Souffle \u00e0 Votre [&hellip;]\" \/>\n<meta property=\"og:url\" content=\"https:\/\/expert-renovation-concept.fr\/?page_id=556\" \/>\n<meta property=\"og:site_name\" content=\"Expert r\u00e9novation Concept\" \/>\n<meta property=\"article:modified_time\" content=\"2024-11-17T18:47:30+00:00\" \/>\n<meta property=\"og:image\" content=\"https:\/\/expert-renovation-concept.fr\/wp-content\/uploads\/elementor\/thumbs\/lieu-de-travail-qx7bywadehj0kkalu0n5atpj9gggnjfs2jgqp7nf34.png\" \/>\n<meta name=\"twitter:card\" content=\"summary_large_image\" \/>\n<meta name=\"twitter:label1\" content=\"Est. reading time\" \/>\n\t<meta name=\"twitter:data1\" content=\"3 minutes\" \/>\n<script type=\"application\/ld+json\" class=\"yoast-schema-graph\">{\"@context\":\"https:\/\/schema.org\",\"@graph\":[{\"@type\":\"WebPage\",\"@id\":\"https:\/\/expert-renovation-concept.fr\/?page_id=556\",\"url\":\"https:\/\/expert-renovation-concept.fr\/?page_id=556\",\"name\":\"R\u00e9novation de bureaux - Expert r\u00e9novation Concept\",\"isPartOf\":{\"@id\":\"https:\/\/expert-renovation-concept.fr\/#website\"},\"primaryImageOfPage\":{\"@id\":\"https:\/\/expert-renovation-concept.fr\/?page_id=556#primaryimage\"},\"image\":{\"@id\":\"https:\/\/expert-renovation-concept.fr\/?page_id=556#primaryimage\"},\"thumbnailUrl\":\"https:\/\/expert-renovation-concept.fr\/wp-content\/uploads\/elementor\/thumbs\/lieu-de-travail-qx7bywadehj0kkalu0n5atpj9gggnjfs2jgqp7nf34.png\",\"datePublished\":\"2024-09-24T08:54:15+00:00\",\"dateModified\":\"2024-11-17T18:47:30+00:00\",\"breadcrumb\":{\"@id\":\"https:\/\/expert-renovation-concept.fr\/?page_id=556#breadcrumb\"},\"inLanguage\":\"en-US\",\"potentialAction\":[{\"@type\":\"ReadAction\",\"target\":[\"https:\/\/expert-renovation-concept.fr\/?page_id=556\"]}]},{\"@type\":\"ImageObject\",\"inLanguage\":\"en-US\",\"@id\":\"https:\/\/expert-renovation-concept.fr\/?page_id=556#primaryimage\",\"url\":\"https:\/\/expert-renovation-concept.fr\/wp-content\/uploads\/elementor\/thumbs\/lieu-de-travail-qx7bywadehj0kkalu0n5atpj9gggnjfs2jgqp7nf34.png\",\"contentUrl\":\"https:\/\/expert-renovation-concept.fr\/wp-content\/uploads\/elementor\/thumbs\/lieu-de-travail-qx7bywadehj0kkalu0n5atpj9gggnjfs2jgqp7nf34.png\"},{\"@type\":\"BreadcrumbList\",\"@id\":\"https:\/\/expert-renovation-concept.fr\/?page_id=556#breadcrumb\",\"itemListElement\":[{\"@type\":\"ListItem\",\"position\":1,\"name\":\"Home\",\"item\":\"https:\/\/expert-renovation-concept.fr\/\"},{\"@type\":\"ListItem\",\"position\":2,\"name\":\"R\u00e9novation de bureaux\"}]},{\"@type\":\"WebSite\",\"@id\":\"https:\/\/expert-renovation-concept.fr\/#website\",\"url\":\"https:\/\/expert-renovation-concept.fr\/\",\"name\":\"Expert r\u00e9novation Concept\",\"description\":\"R\u00e9novation\",\"publisher\":{\"@id\":\"https:\/\/expert-renovation-concept.fr\/#organization\"},\"potentialAction\":[{\"@type\":\"SearchAction\",\"target\":{\"@type\":\"EntryPoint\",\"urlTemplate\":\"https:\/\/expert-renovation-concept.fr\/?s={search_term_string}\"},\"query-input\":{\"@type\":\"PropertyValueSpecification\",\"valueRequired\":true,\"valueName\":\"search_term_string\"}}],\"inLanguage\":\"en-US\"},{\"@type\":\"Organization\",\"@id\":\"https:\/\/expert-renovation-concept.fr\/#organization\",\"name\":\"Expert r\u00e9novation Concept\",\"url\":\"https:\/\/expert-renovation-concept.fr\/\",\"logo\":{\"@type\":\"ImageObject\",\"inLanguage\":\"en-US\",\"@id\":\"https:\/\/expert-renovation-concept.fr\/#\/schema\/logo\/image\/\",\"url\":\"https:\/\/expert-renovation-concept.fr\/wp-content\/uploads\/2024\/09\/cropped-expert_renovation_concept.jpg\",\"contentUrl\":\"https:\/\/expert-renovation-concept.fr\/wp-content\/uploads\/2024\/09\/cropped-expert_renovation_concept.jpg\",\"width\":654,\"height\":321,\"caption\":\"Expert r\u00e9novation Concept\"},\"image\":{\"@id\":\"https:\/\/expert-renovation-concept.fr\/#\/schema\/logo\/image\/\"}}]}<\/script>\n<!-- \/ Yoast SEO plugin. -->","yoast_head_json":{"title":"R\u00e9novation de bureaux - Expert r\u00e9novation Concept","robots":{"index":"noindex","follow":"follow","max-snippet":"max-snippet:-1","max-image-preview":"max-image-preview:large","max-video-preview":"max-video-preview:-1"},"og_locale":"en_US","og_type":"article","og_title":"R\u00e9novation de bureaux - Expert r\u00e9novation Concept","og_description":"R\u00e9novation de bureaux Optimisez vos espaces de travail avec notre expertise en r\u00e9novation de bureaux : modernisation, agencement sur mesure, et solutions adapt\u00e9es \u00e0 vos besoins professionnels R\u00e9am\u00e9nagement des Espaces de Travail Mise aux Normes Techniques et S\u00e9curit\u00e9 Design et D\u00e9coration Int\u00e9rieure Travaux de Modernisation R\u00e9novation de Bureaux : Offrez un Nouveau Souffle \u00e0 Votre [&hellip;]","og_url":"https:\/\/expert-renovation-concept.fr\/?page_id=556","og_site_name":"Expert r\u00e9novation Concept","article_modified_time":"2024-11-17T18:47:30+00:00","og_image":[{"url":"https:\/\/expert-renovation-concept.fr\/wp-content\/uploads\/elementor\/thumbs\/lieu-de-travail-qx7bywadehj0kkalu0n5atpj9gggnjfs2jgqp7nf34.png"}],"twitter_card":"summary_large_image","twitter_misc":{"Est. reading time":"3 minutes"},"schema":{"@context":"https:\/\/schema.org","@graph":[{"@type":"WebPage","@id":"https:\/\/expert-renovation-concept.fr\/?page_id=556","url":"https:\/\/expert-renovation-concept.fr\/?page_id=556","name":"R\u00e9novation de bureaux - Expert r\u00e9novation Concept","isPartOf":{"@id":"https:\/\/expert-renovation-concept.fr\/#website"},"primaryImageOfPage":{"@id":"https:\/\/expert-renovation-concept.fr\/?page_id=556#primaryimage"},"image":{"@id":"https:\/\/expert-renovation-concept.fr\/?page_id=556#primaryimage"},"thumbnailUrl":"https:\/\/expert-renovation-concept.fr\/wp-content\/uploads\/elementor\/thumbs\/lieu-de-travail-qx7bywadehj0kkalu0n5atpj9gggnjfs2jgqp7nf34.png","datePublished":"2024-09-24T08:54:15+00:00","dateModified":"2024-11-17T18:47:30+00:00","breadcrumb":{"@id":"https:\/\/expert-renovation-concept.fr\/?page_id=556#breadcrumb"},"inLanguage":"en-US","potentialAction":[{"@type":"ReadAction","target":["https:\/\/expert-renovation-concept.fr\/?page_id=556"]}]},{"@type":"ImageObject","inLanguage":"en-US","@id":"https:\/\/expert-renovation-concept.fr\/?page_id=556#primaryimage","url":"https:\/\/expert-renovation-concept.fr\/wp-content\/uploads\/elementor\/thumbs\/lieu-de-travail-qx7bywadehj0kkalu0n5atpj9gggnjfs2jgqp7nf34.png","contentUrl":"https:\/\/expert-renovation-concept.fr\/wp-content\/uploads\/elementor\/thumbs\/lieu-de-travail-qx7bywadehj0kkalu0n5atpj9gggnjfs2jgqp7nf34.png"},{"@type":"BreadcrumbList","@id":"https:\/\/expert-renovation-concept.fr\/?page_id=556#breadcrumb","itemListElement":[{"@type":"ListItem","position":1,"name":"Home","item":"https:\/\/expert-renovation-concept.fr\/"},{"@type":"ListItem","position":2,"name":"R\u00e9novation de bureaux"}]},{"@type":"WebSite","@id":"https:\/\/expert-renovation-concept.fr\/#website","url":"https:\/\/expert-renovation-concept.fr\/","name":"Expert r\u00e9novation Concept","description":"R\u00e9novation","publisher":{"@id":"https:\/\/expert-renovation-concept.fr\/#organization"},"potentialAction":[{"@type":"SearchAction","target":{"@type":"EntryPoint","urlTemplate":"https:\/\/expert-renovation-concept.fr\/?s={search_term_string}"},"query-input":{"@type":"PropertyValueSpecification","valueRequired":true,"valueName":"search_term_string"}}],"inLanguage":"en-US"},{"@type":"Organization","@id":"https:\/\/expert-renovation-concept.fr\/#organization","name":"Expert r\u00e9novation Concept","url":"https:\/\/expert-renovation-concept.fr\/","logo":{"@type":"ImageObject","inLanguage":"en-US","@id":"https:\/\/expert-renovation-concept.fr\/#\/schema\/logo\/image\/","url":"https:\/\/expert-renovation-concept.fr\/wp-content\/uploads\/2024\/09\/cropped-expert_renovation_concept.jpg","contentUrl":"https:\/\/expert-renovation-concept.fr\/wp-content\/uploads\/2024\/09\/cropped-expert_renovation_concept.jpg","width":654,"height":321,"caption":"Expert r\u00e9novation Concept"},"image":{"@id":"https:\/\/expert-renovation-concept.fr\/#\/schema\/logo\/image\/"}}]}},"_links":{"self":[{"href":"https:\/\/expert-renovation-concept.fr\/index.php?rest_route=\/wp\/v2\/pages\/556"}],"collection":[{"href":"https:\/\/expert-renovation-concept.fr\/index.php?rest_route=\/wp\/v2\/pages"}],"about":[{"href":"https:\/\/expert-renovation-concept.fr\/index.php?rest_route=\/wp\/v2\/types\/page"}],"author":[{"embeddable":true,"href":"https:\/\/expert-renovation-concept.fr\/index.php?rest_route=\/wp\/v2\/users\/1"}],"replies":[{"embeddable":true,"href":"https:\/\/expert-renovation-concept.fr\/index.php?rest_route=%2Fwp%2Fv2%2Fcomments&post=556"}],"version-history":[{"count":38,"href":"https:\/\/expert-renovation-concept.fr\/index.php?rest_route=\/wp\/v2\/pages\/556\/revisions"}],"predecessor-version":[{"id":987,"href":"https:\/\/expert-renovation-concept.fr\/index.php?rest_route=\/wp\/v2\/pages\/556\/revisions\/987"}],"wp:attachment":[{"href":"https:\/\/expert-renovation-concept.fr\/index.php?rest_route=%2Fwp%2Fv2%2Fmedia&parent=556"}],"curies":[{"name":"wp","href":"https:\/\/api.w.org\/{rel}","templated":true}]}}